{"id":1608,"date":"2023-05-15T14:57:02","date_gmt":"2023-05-15T14:57:02","guid":{"rendered":"https:\/\/letroom.io\/politique-des-cookies\/"},"modified":"2023-06-13T12:28:29","modified_gmt":"2023-06-13T12:28:29","slug":"politique-des-cookies","status":"publish","type":"page","link":"https:\/\/letroom.io\/fr\/politique-des-cookies\/","title":{"rendered":"Politique sur les cookies"},"content":{"rendered":"\n<p>La plupart des sites Internet utilisent des cookies, principalement pour am\u00e9liorer l&#8217;exp\u00e9rience de l&#8217;utilisateur. En g\u00e9n\u00e9ral, les cookies ne sont pas nuisibles pour l&#8217;appareil o\u00f9 ils sont stock\u00e9s, mais certains utilisateurs pr\u00e9f\u00e8rent les bloquer ou effacer ceux qui sont install\u00e9s. Pour vous permettre de d\u00e9cider de les accepter ou non, nous vous expliquons ce que sont les cookies, le type de cookies que nous utilisons sur notre site et la fa\u00e7on de les configurer.<\/p>\n\n<p>Avec notre outil de configuration et d&#8217;autorisation des cookies, vous pouvez s\u00e9lectionner ceux que vous souhaitez installer, tous les accepter ou tous les refuser, sauf ceux qui sont strictement n\u00e9cessaires au fonctionnement du site Internet.<\/p>\n\n<p><strong>Qu&#8217;est-ce qu&#8217;un cookie ?<\/strong><\/p>\n\n<p>Les cookies sont des cha\u00eenes d&#8217;informations sauvegard\u00e9es sur votre ordinateur de bureau, portable ou votre appareil mobile lorsque vous visitez un site Internet. Une fois qu&#8217;ils sont sauvegard\u00e9s, votre navigateur renvoie ces cookies au site Internet lorsque vous y revenez, ou \u00e0 un autre qui reconna\u00eet ces cookies.<\/p>\n\n<p>Vous trouverez davantage d&#8217;informations concernant les cookies sur :<\/p>\n\n<p><a href=\"http:\/\/www.w3schools.com\/ASP\/asp_cookies.asp\" target=\"_blank\" rel=\"noreferrer noopener\">http:\/\/www.w3schools.com\/ASP\/asp_cookies.asp<\/a><\/p>\n\n<p><a rel=\"noreferrer noopener\" href=\"http:\/\/www.allaboutcookies.org\/es\/galletas\/\" target=\"_blank\">http:\/\/www.allaboutcookies.org\/es\/galletas\/<\/a><\/p>\n\n<p><strong>Autres technologies analogues<\/strong><\/p>\n\n<p><strong>\u00ab Pixels \u00bb ou \u00ab web beacons \u00bb<\/strong><\/p>\n\n<p>Ce sont des technologies semblables \u00e0 celles des cookies. Plus pr\u00e9cis\u00e9ment, le pixel ou web beacon est un petit fichier image qui nous permet de contr\u00f4ler l&#8217;utilisation de nos sites Internet, mais \u00e9galement de l&#8217;utiliser \u00e0 des fins publicitaires. Ces fichiers peuvent collecter des informations telles que l&#8217;adresse IP de l&#8217;ordinateur qui t\u00e9l\u00e9charge la page o\u00f9 se trouve le pixel ou web beacon, l&#8217;URL de la page o\u00f9 figure le pixel ou web beacon, la dur\u00e9e de visite de la page qui contient le pixel de suivi, le type de navigateur qui re\u00e7oit ce pixel ou web beacon, ainsi que le num\u00e9ro d&#8217;identification de tout cookie pr\u00e9sent sur l&#8217;ordinateur et install\u00e9 pr\u00e9c\u00e9demment par ce serveur.<\/p>\n\n<p><strong>Fingerprint ou empreinte digitale<\/strong><\/p>\n\n<p>Outre les informations collect\u00e9es par les pixels ou web beacons, nous pouvons utiliser d&#8217;autres techniques semblables \u00e0 celles des cookies, comme le fingerprinting ou prise d&#8217;empreinte. Ces outils sont employ\u00e9s pour identifier et effectuer un suivi de l&#8217;activit\u00e9 de l&#8217;utilisateur et d\u00e9terminer son profil gr\u00e2ce aux informations collect\u00e9es, parmi lesquelles, par exemple, l&#8217;adresse IP, le navigateur, la r\u00e9solution de l&#8217;\u00e9cran, le syst\u00e8me d&#8217;exploitation, la langue utilis\u00e9e, le fuseau horaire, etc.<\/p>\n\n<p>Dans tous les cas, leur finalit\u00e9 est semblable \u00e0 celle des cookies ; par cons\u00e9quent, lorsque nous ferons dor\u00e9navant r\u00e9f\u00e9rence aux cookies, nous inclurons \u00e9galement les pixels et web beacons.<\/p>\n\n<p>Nous allons \u00e0 pr\u00e9sent vous expliquer les diff\u00e9rents types de cookies qui existent et que nous pouvons utiliser sur notre site Internet, sans pr\u00e9judice des informations auxquelles vous pouvez acc\u00e9der directement avec l&#8217;outil en cliquant sur le bouton \u00ab Afficher d\u00e9tails \u00bb, afin de voir en d\u00e9tail quels sont les cookies install\u00e9s \u00e0 chaque moment :<\/p>\n\n<p><strong>Quels sont les cookies que nous utilisons sur notre site ?<\/strong><\/p>\n\n<p><strong>En fonction de la dur\u00e9e des cookies :<\/strong><\/p>\n\n<p><strong>Cookies de session :<\/strong> il s&#8217;agit de cookies temporaires qui restent dans le fichier de cookies du navigateur jusqu&#8217;\u00e0 ce que vous quittiez le site. Ils ne sont pas enregistr\u00e9s dans le disque dur de votre appareil. Les informations obtenues gr\u00e2ce \u00e0 ces cookies servent \u00e0 analyser les tendances du trafic sur le site. Sur le long terme, ils permettent de fournir une meilleure exp\u00e9rience en am\u00e9liorant le contenu et en facilitant son utilisation.<\/p>\n\n<p><strong>Cookies permanents :<\/strong> Ils restent stock\u00e9s dans votre disque dur et le site les lit \u00e0 chaque fois que vous revenez sur le site. Un cookie de ce type poss\u00e8de une date d&#8217;expiration d\u00e9finie. Le cookie cesse de fonctionner apr\u00e8s cette date.<\/p>\n\n<p>Par ailleurs, les cookies <strong>peuvent<\/strong> \u00eatre internes ou <strong>de tiers<\/strong>. Les premiers sont ceux qui sont envoy\u00e9s sur l&#8217;ordinateur de l&#8217;utilisateur par un appareil ou un domaine que nous g\u00e9rons, tandis que les cookies de tiers sont ceux qui sont envoy\u00e9s sur l&#8217;ordinateur de l&#8217;utilisateur par un appareil ou un domaine g\u00e9r\u00e9 par les fournisseurs de services contractuels (par exemple, le service de web analytics).<\/p>\n\n<p><strong>En fonction de la finalit\u00e9 des cookies :<\/strong><\/p>\n\n<p><strong>Cookies techniques \u00e0 usage interne et cookies fonctionnels<\/strong><\/p>\n\n<p>Ce site Internet utilise des cookies \u00e0 usage interne indispensables \u00e0 son bon fonctionnement, parmi lesquels ceux qui permettent l&#8217;authentification ou le maintien de la session de l&#8217;utilisateur inscrit lorsqu&#8217;il navigue sur le site, et qui sont n\u00e9cessaires au fonctionnement du site Internet.<\/p>\n\n<p>Nous installons \u00e9galement des cookies fonctionnels qui am\u00e9liorent l&#8217;utilisation du site Internet et rendent possibles certaines fonctionnalit\u00e9s suppl\u00e9mentaires, qui peuvent porter sur la personnalisation, comme le choix de la langue, ou sur la s\u00e9curit\u00e9 et l&#8217;optimisation du fonctionnement du site Internet. La d\u00e9sactivation de ces cookies emp\u00eache le bon fonctionnement de ces fonctionnalit\u00e9s du site Internet ; il est donc possible que vous ne puissiez pas les utiliser ou naviguer correctement.<\/p>\n\n<p><strong>Cookies de fonctions des r\u00e9seaux sociaux.<\/strong><\/p>\n\n<p>Notre site Internet accueille des espaces et des contenus qui comprennent des boutons sociaux pour permettre aux utilisateurs de partager certains contenus sur les r\u00e9seaux sociaux.<\/p>\n\n<p>Nous ne contr\u00f4lons pas les cookies install\u00e9s par chaque r\u00e9seau social, mais ceux-ci sont g\u00e9n\u00e9ralement techniques et servent \u00e0 contr\u00f4ler l&#8217;ouverture de session ou \u00e0 afficher le compteur indiquant le nombre de partages d&#8217;un contenu en particulier. <\/p>\n\n<p>Nous conseillons \u00e0 tous les utilisateurs de contr\u00f4ler les conditions de confidentialit\u00e9 et de cookies de chaque r\u00e9seau social et, le cas \u00e9ch\u00e9ant, de modifier les param\u00e8tres de confidentialit\u00e9 de chacun d&#8217;entre eux pour limiter les finalit\u00e9s de tra\u00e7age qu&#8217;ils peuvent avoir mis en place.<\/p>\n\n<p>Ces cookies \u00e9tant install\u00e9s ou ex\u00e9cut\u00e9s uniquement si l&#8217;utilisateur fait usage de cette fonctionnalit\u00e9, ils sont consid\u00e9r\u00e9s comme des cookies techniques et ne peuvent pas \u00eatre bloqu\u00e9s..<\/p>\n\n<p><strong>Cookies analytiques<\/strong><\/p>\n\n<p>Ce site Internet utilise des cookies analytiques pour obtenir des statistiques sur l&#8217;activit\u00e9 de l&#8217;utilisateur sur le site Internet ou sur l&#8217;activit\u00e9 du site en g\u00e9n\u00e9ral. Les informations collect\u00e9es permettent d&#8217;optimiser la navigation sur notre site Internet et de fournir le meilleur service \u00e0 l&#8217;utilisateur, par exemple sur la base du nombre de pages visit\u00e9es, de la langue utilis\u00e9e, de la fr\u00e9quence et de la r\u00e9p\u00e9tition des visites, de la dur\u00e9e des visites ou du navigateur utilis\u00e9. L&#8217;utilisateur peut exclure son activit\u00e9 \u00e0 l&#8217;aide de notre configurateur de cookies, des syst\u00e8mes d&#8217;exclusion fournis par les outils analytiques ou des param\u00e8tres de son navigateur.<\/p>\n\n<p><strong>Cookies publicitaires<\/strong><\/p>\n\n<p>Ce sont des cookies stock\u00e9s par des tiers charg\u00e9s de g\u00e9rer les espaces publicitaires qui s&#8217;affichent lorsque les utilisateurs acc\u00e8dent \u00e0 ce site Internet. Ces cookies permettent d&#8217;\u00e9valuer l&#8217;efficacit\u00e9 de nos campagnes en ligne, de fournir \u00e0 l&#8217;utilisateur des informations susceptibles de l&#8217;int\u00e9resser et de lui offrir des contenus publicitaires adapt\u00e9s \u00e0 ses pr\u00e9f\u00e9rences. <\/p>\n\n<p><strong>En savoir plus<\/strong><\/p>\n\n<p>Pour avoir des informations plus pr\u00e9cises sur les cookies que nous utilisons sur notre site Internet via notre outil de configuration de cookies, vous pouvez cliquer sur le bouton \u00ab Afficher d\u00e9tails \u00bb. Vous pourrez alors s\u00e9lectionner et configurer les cookies dont vous autorisez l&#8217;installation.<\/p>\n\n<p>Cet outil s&#8217;affiche \u00e0 tous les utilisateurs lors de leur premi\u00e8re visite sur le site, et est toujours accessible dans la partie inf\u00e9rieure de la page.<\/p>\n\n<p><strong>Comment configurer les r\u00e9glages concernant les cookies.<\/strong><\/p>\n\n<p>Il existe plusieurs moyens de g\u00e9rer et de contr\u00f4ler les param\u00e8tres de vos cookies.<\/p>\n\n<p><strong>N&#8217;oubliez pas que si vous effacez ou bloquez certains cookies ou la totalit\u00e9 d&#8217;entre eux sur les sites Internet que vous visitez (ou des fonctions de ces pages), ils pourraient ne pas fonctionner correctement ou aussi efficacement.<\/strong><\/p>\n\n<p>Si vous d\u00e9sactivez nos cookies techniques ou si vous effacez tous les cookies, vos pr\u00e9f\u00e9rences ne seront pas sauvegard\u00e9es et vous serez inform\u00e9 sur nos cookies \u00e0 chaque fois que vous visiterez notre site. Vous pouvez les configurer avec notre outil d&#8217;autorisation, votre navigateur web, mais \u00e9galement sur les sites Internet des tiers qui installent des cookies sur votre appareil via nos sites Internet.<\/p>\n\n<p><strong>1. Configurer les cookies avec notre outil d&#8217;autorisation<\/strong><\/p>\n\n<p>Nous avons mis en place un outil qui vous permet d&#8217;obtenir des informations sur les cookies install\u00e9s par notre site Internet. Vous y trouverez les informations suivantes :<\/p>\n\n<ul class=\"wp-block-list\">\n<li>Nom du cookie : Il s&#8217;agit de son nom technique. Il peut vous \u00eatre utile pour l&#8217;identifier et le rep\u00e9rer dans votre navigateur, par exemple dans le cas o\u00f9 vous souhaiteriez le supprimer manuellement.<\/li>\n\n\n\n<li>Domaine : Indique l&#8217;origine du cookie et par cons\u00e9quent s&#8217;il s&#8217;agit d&#8217;un cookie interne (parce qu&#8217;il est cr\u00e9\u00e9 sur un domaine qui nous appartient), ou s&#8217;il s&#8217;agit d&#8217;un cookie de tiers (cr\u00e9\u00e9 sur des domaines externes au site).<\/li>\n\n\n\n<li>Expiration : Il s&#8217;agit de la dur\u00e9e pendant laquelle chaque cookie reste install\u00e9 sur votre appareil.<\/li>\n\n\n\n<li>Description : Indique de fa\u00e7on pr\u00e9cise la finalit\u00e9 et la fonctionnalit\u00e9 de ce cookie.<\/li>\n<\/ul>\n\n<p>Avec cet outil, l&#8217;utilisateur peut cliquer sur \u00ab Accepter les cookies \u00bb, c&#8217;est-\u00e0-dire la totalit\u00e9 d&#8217;entre eux, \u00ab Ne pas accepter les cookies \u00bb, c&#8217;est-\u00e0-tous les refuser, ou utiliser les options disponibles pour s\u00e9lectionner ceux dont il souhaite autoriser ou refuser l&#8217;installation.<\/p>\n\n<p>Par ailleurs, l&#8217;utilisateur pourra \u00e0 tout moment modifier son choix en cliquant sur le bouton \u00ab Param\u00e9trage des cookies \u00bb, affich\u00e9 en bas de notre site Internet et toujours disponible au cours de la navigation.<\/p>\n\n<p><strong>2. D\u00e9sactiver les cookies depuis votre navigateur web<\/strong><\/p>\n\n<p>La plupart des navigateurs web vous fournissent des informations sur les cookies et permettent de voir quels sont les cookies install\u00e9s, de les supprimer en totalit\u00e9 ou s\u00e9par\u00e9ment, mais \u00e9galement de bloquer ou d&#8217;autoriser les cookies de toutes les pages ou de celles que vous s\u00e9lectionnez.<\/p>\n\n<p>De m\u00eame, vous pouvez d\u00e9sactiver les cookies publicitaires de tiers s\u00e9par\u00e9ment.<\/p>\n\n<p><strong>N&#8217;oubliez pas que si vous param\u00e9trez les r\u00e9glages des cookies<\/strong> sur votre navigateur web, <strong>les changements concerneront tous les sites Internet<\/strong> <strong>que vous visitez (pas uniquement les n\u00f4tres), sauf si vous supprimez ou bloquez chaque cookie s\u00e9par\u00e9ment.<\/strong><\/p>\n\n<p>Vous trouverez des informations sur les cookies dans la rubrique \u00ab Aide \u00bb de votre navigateur web. Nous allons maintenant vous expliquer comment acc\u00e9der au param\u00e9trage des cookies sur les navigateurs les plus utilis\u00e9s.<\/p>\n\n<ul class=\"wp-block-list\">\n<li>Google: <a href=\"http:\/\/support.google.com\/chrome\/bin\/answer.py?hl=es&amp;answer=95647\" target=\"_blank\" rel=\"noreferrer noopener\">http:\/\/support.google.com\/chrome\/bin\/answer.py?hl=es&amp;answer=95647<\/a><\/li>\n\n\n\n<li>Firefox: <a href=\"http:\/\/support.mozilla.org\/es\/kb\/cookies-informacion-que-los-sitios-web-guardan-en-\" target=\"_blank\" rel=\"noreferrer noopener\">http:\/\/support.mozilla.org\/es\/kb\/cookies-informacion-que-los-sitios-web-guardan-en-<\/a><\/li>\n\n\n\n<li>Safari: <a href=\"http:\/\/support.apple.com\/kb\/HT1677?viewlocale=es_ES\" target=\"_blank\" rel=\"noreferrer noopener\">http:\/\/support.apple.com\/kb\/HT1677?viewlocale=es_ES<\/a><\/li>\n\n\n\n<li>Opera: <a href=\"http:\/\/help.opera.com\/Windows\/11.50\/es-ES\/cookies.html\" target=\"_blank\" rel=\"noreferrer noopener\">http:\/\/help.opera.com\/Windows\/11.50\/es-ES\/cookies.html<\/a><\/li>\n\n\n\n<li>Google Android : Menu -&gt; Plus -&gt; Param\u00e8tres -&gt; Param\u00e8tres de confidentialit\u00e9.<\/li>\n<\/ul>\n\n<p><strong>3. Utiliser les outils de tiers ou des navigateurs<\/strong><\/p>\n\n<p>Il existe des outils g\u00e9n\u00e9ralement gratuits qui permettent \u00e0 l&#8217;utilisateur de bloquer les cookies des sites Internet, ou de s\u00e9lectionner les pages o\u00f9 il souhaite en autoriser l&#8217;installation.<\/p>\n\n<p>Ces outils sont connus sous le nom d&#8217;outils \u00ab Do Not Track \u00bb et sont disponibles sur la plupart des navigateurs existants.<\/p>\n\n<p>Par ailleurs, certains navigateurs int\u00e8grent d\u00e9j\u00e0 ce type de fonctionnalit\u00e9s et il est possible de les configurer directement sans avoir \u00e0 installer d&#8217;outils de tiers.<\/p>\n\n<p><strong>4. Cons\u00e9quence de la suppression des cookies<\/strong><\/p>\n\n<p>Si vous d\u00e9cidez de supprimer les cookies de votre navigateur ou de votre appareil, sachez que vos pr\u00e9f\u00e9rences et le param\u00e9trage des cookies seront \u00e9galement supprim\u00e9s.<\/p>\n\n<p>Quoi qu&#8217;il en soit, lorsque vous reviendrez sur notre site Internet, nous vous demanderons \u00e0 nouveau si vous en autorisez l&#8217;installation.<\/p>\n\n<p><strong>Mise \u00e0 jour des informations<\/strong><\/p>\n\n<p>Nous pouvons \u00e0 tout moment modifier les cookies que nous installons sur notre site Internet, ainsi que le contenu de la pr\u00e9sente politique en mati\u00e8re de cookies. Par cons\u00e9quent, nous recommandons \u00e0 tous les utilisateurs de consulter ces informations r\u00e9guli\u00e8rement.<\/p>\n\n<p>\u00c0 chaque fois qu&#8217;une nouvelle autorisation sera n\u00e9cessaire, l&#8217;outil de configuration des cookies s&#8217;affichera \u00e9galement.<\/p>\n\n<p><strong>Politique de confidentialit\u00e9<\/strong><\/p>\n\n<p>Pour obtenir davantage d&#8217;informations sur le traitement de vos donn\u00e9es personnelles ou pour exercer vos droits, vous pouvez acc\u00e9der \u00e0 notre Politique de confidentialit\u00e9, disponible en bas de page de notre site Internet.<\/p>\n","protected":false},"excerpt":{"rendered":"<p>La plupart des sites Internet utilisent des cookies, principalement pour am\u00e9liorer l&#8217;exp\u00e9rience de l&#8217;utilisateur. En g\u00e9n\u00e9ral, les cookies ne sont pas nuisibles pour l&#8217;appareil o\u00f9 ils sont stock\u00e9s, mais certains utilisateurs pr\u00e9f\u00e8rent les bloquer ou effacer ceux qui sont install\u00e9s. Pour vous permettre de d\u00e9cider de les accepter ou non, nous vous expliquons ce que [&hellip;]<\/p>\n","protected":false},"author":1,"featured_media":0,"parent":0,"menu_order":0,"comment_status":"closed","ping_status":"closed","template":"","meta":{"footnotes":""},"class_list":["post-1608","page","type-page","status-publish","hentry"],"_links":{"self":[{"href":"https:\/\/letroom.io\/fr\/wp-json\/wp\/v2\/pages\/1608","targetHints":{"allow":["GET"]}}],"collection":[{"href":"https:\/\/letroom.io\/fr\/wp-json\/wp\/v2\/pages"}],"about":[{"href":"https:\/\/letroom.io\/fr\/wp-json\/wp\/v2\/types\/page"}],"author":[{"embeddable":true,"href":"https:\/\/letroom.io\/fr\/wp-json\/wp\/v2\/users\/1"}],"replies":[{"embeddable":true,"href":"https:\/\/letroom.io\/fr\/wp-json\/wp\/v2\/comments?post=1608"}],"version-history":[{"count":0,"href":"https:\/\/letroom.io\/fr\/wp-json\/wp\/v2\/pages\/1608\/revisions"}],"wp:attachment":[{"href":"https:\/\/letroom.io\/fr\/wp-json\/wp\/v2\/media?parent=1608"}],"curies":[{"name":"wp","href":"https:\/\/api.w.org\/{rel}","templated":true}]}}