{"id":1656,"date":"2023-05-15T10:48:29","date_gmt":"2023-05-15T10:48:29","guid":{"rendered":"https:\/\/letroom.io\/mentions-legales\/"},"modified":"2023-06-13T12:04:26","modified_gmt":"2023-06-13T12:04:26","slug":"mentions-legales","status":"publish","type":"page","link":"https:\/\/letroom.io\/fr\/mentions-legales\/","title":{"rendered":"Mentions L\u00e9gales"},"content":{"rendered":"\n<h2 class=\"wp-block-heading\">Pr\u00e9sentation et conditions d&#8217;utilisation<\/h2>\n\n<p>Ce site Internet permet de fournir l&#8217;acc\u00e8s aux sites Internet du Gran Casino Barcelona S.L.U., \u00e0 ses services et \u00e0 ses contenus. Le fait de se connecter \u00e0 ce site Internet implique l&#8217;acceptation des pr\u00e9sentes mentions l\u00e9gales.<\/p>\n\n<p><strong>Information g\u00e9n\u00e9rale<\/strong><\/p>\n\n<p>Le casino appartient \u00e0 la soci\u00e9t\u00e9 Gran Casino Barcelona S.L.U. Nous souhaitons vous informer que nous respectons et observons les obligations l\u00e9gales en vigueur, ce \u00e0 quoi s&#8217;engage \u00e9galement qui acc\u00e8de \u00e0 ce site Internet ; nous d\u00e9clinons tout type de responsabilit\u00e9 si ce n&#8217;est pas le cas.<\/p>\n\n<p>Le Gran Casino Barcelona, S.L.U. est actuellement autoris\u00e9 l\u00e9galement \u00e0 d\u00e9velopper ses activit\u00e9s par la r\u00e9solution correspondante de la Direcci\u00f3 General del Joc i Espectacles de la Generalitat de Catalunya (Direction g\u00e9n\u00e9rale du jeu et des spectacles de la G\u00e9n\u00e9ralit\u00e9 de Catalogne).<\/p>\n\n<p>Si vous souhaitez nous contacter au sujet des pr\u00e9sentes mentions l\u00e9gales, vous devez indiquer la r\u00e9f\u00e9rence suivante : Gran Casino de Barcelona Mentions l\u00e9gales. Les coordonn\u00e9es du casino sont les suivantes : Calle Pere II de Montcada, n\u00ba 1, CP 08034 de Barcelone ; e-mail de contact : info@casino-barcelona.com. Toutefois, nous souhaitons vous informer que le casino en tant que tel est situ\u00e9 rue de la Marina, n\u00ba 19-21, CP 08005 de Barcelone. Le num\u00e9ro d&#8217;identification fiscale est B-08511834. Nous respectons l&#8217;obligation d&#8217;avoir enregistr\u00e9 au moins un des noms de domaine dont nous sommes titulaires dans le registre correspondant.<\/p>\n\n<p>Ces domaines sont la propri\u00e9t\u00e9 du casino et nous vous informons que tout autre similitude ou ressemblance existante ou pouvant exister ne poss\u00e8de aucun lien avec nous. Nous d\u00e9clinons par cons\u00e9quent toute responsabilit\u00e9 concernant la connexion \u00e0 une adresse Internet dont nous ne sommes pas propri\u00e9taires.<\/p>\n\n<p><strong>Politique de protection des donn\u00e9es<\/strong><\/p>\n\n<p>Gran Casino Barcelona S.L.U. respecte toutes les exigences d\u00e9finies par la r\u00e9glementation en vigueur en mati\u00e8re de protection des donn\u00e9es personnelles. Toutes les donn\u00e9es dont nous avons la responsabilit\u00e9 sont trait\u00e9es conform\u00e9ment aux exigences l\u00e9gales, et nous adoptons les mesures de s\u00e9curit\u00e9 n\u00e9cessaires, qu&#8217;elles soient techniques ou organisationnelles, afin de garantir leur confidentialit\u00e9, conform\u00e9ment au<\/p>\n\n<p>R\u00e8glement 1720\/2007 du 21 d\u00e9cembre.<\/p>\n\n<p>Conform\u00e9ment \u00e0 la Loi organique 15\/1999 sur la protection des donn\u00e9es personnelles (LOPD), par transposition de la r\u00e9glementation europ\u00e9enne de la Directive 1995\/46\/CE du Parlement europ\u00e9en et du Conseil du 24 octobre 1995, et la Directive 2002\/58\/CE du Parlement europ\u00e9en et du Conseil du 12 juillet 2002, nous vous informons que les donn\u00e9es personnelles que vous pouvez nous fournir seront trait\u00e9es de fa\u00e7on confidentielle et incorpor\u00e9es \u00e0 un fichier dont CASINO BARCELONA est responsable. Elles seront uniquement utilis\u00e9es pour vous transmettre des informations li\u00e9es \u00e0 l&#8217;activit\u00e9 ou aux services du casino.<\/p>\n\n<p>Nous vous informons \u00e9galement que vous pouvez exercer vos droits d&#8217;acc\u00e8s, de rectification, d&#8217;annulation et d&#8217;opposition en \u00e9crivant \u00e0 l&#8217;adresse d\u00e9taill\u00e9e dans la section appel\u00e9e Information g\u00e9n\u00e9rale des mentions l\u00e9gales et en indiquant la r\u00e9f\u00e9rence : Protection des donn\u00e9es Gran Casino Barcelona S.L.U.<\/p>\n\n<p>Nous vous informons que vos donn\u00e9es personnelles ne seront ni segment\u00e9es, ni utilis\u00e9es \u00e0 d&#8217;autres fins commerciales que celles ayant \u00e9t\u00e9 expos\u00e9es.<\/p>\n\n<p>Notre site Internet ne contient aucun hyperlien qui permet de communiquer vos donn\u00e9es \u00e0 d&#8217;autres sites Internet. Il n&#8217;existe par ailleurs sur le site aucun traitement invisible des donn\u00e9es personnelles.<br\/>Dans le cas o\u00f9 vous nous fournissez vos donn\u00e9es, nous comprenons donc que vous nous autorisez express\u00e9ment \u00e0 en effectuer le traitement conform\u00e9ment aux paragraphes pr\u00e9c\u00e9dents.<\/p>\n\n<p><strong>Propri\u00e9t\u00e9 intellectuelle<\/strong><\/p>\n\n<p>Gran Casino Barcelona S.L.U se r\u00e9serve tous les droits de propri\u00e9t\u00e9 intellectuelle et industrielle sur les contenus du site. Toute exploitation, modification, reproduction, diffusion, transformation, distribution, transmission par un quelconque moyen, publication post\u00e9rieure, exhibition, communication publique ou repr\u00e9sentation, m\u00eame partielle, est strictement interdite sauf autorisation pr\u00e9alable, expresse et par \u00e9crit.<\/p>\n\n<p><strong>Exclusion de responsabilit\u00e9<\/strong><\/p>\n\n<p>Gran Casino Barcelona S.L.U. d\u00e9cline tout type de responsabilit\u00e9 qui pourrait d\u00e9couler d&#8217;une mauvaise utilisation de la part des internautes, d&#8217;un virus ou de probl\u00e8mes de connexion, de la disponibilit\u00e9 ou de la continuit\u00e9, que ce soit vers notre site Internet ou vers l&#8217;un des sites du groupe Peralada qui apparaissent comme hyperliens sur notre site.<\/p>\n\n<p>En ce qui concerne les liens ou les hyperliens, Gran Casino Barcelona S.L.U. d\u00e9cline toute responsabilit\u00e9 pour ceux qui renvoient \u00e0 notre site Internet et, dans le cas de ceux qui sont affich\u00e9s sur notre site, ils le sont \u00e0 titre informatif.<\/p>\n\n<p>Bien que Gran Casino Barcelona S.L.U. s&#8217;efforce raisonnablement pour inclure dans le pr\u00e9sent site des informations pr\u00e9cises et \u00e0 jour, Gran Casino Barcelona S.L.U. n&#8217;offre aucune garantie concernant leur contenu, qui est pr\u00e9sent\u00e9 \u00ab tel quel \u00bb.<\/p>\n\n<p>Gran Casino Barcelona S.L.U. d\u00e9cline toute responsabilit\u00e9 concernant les risques li\u00e9s \u00e0 l&#8217;utilisation du pr\u00e9sent site Internet ou de son contenu. Concr\u00e8tement, Gran Casino Barcelona S.L.U. d\u00e9cline toute responsabilit\u00e9 concernant la pr\u00e9cision, l&#8217;int\u00e9grit\u00e9, la suffisance, l&#8217;actualit\u00e9, l&#8217;opportunit\u00e9 ou le caract\u00e8re exhaustif des informations pr\u00e9sentes sur ce site Internet.<\/p>\n\n<p>Gran Casino Barcelona S.L.U. se r\u00e9serve le droit d&#8217;interrompre ou de suspendre totalement ou partiellement la fonctionnalit\u00e9 du pr\u00e9sent site Internet. Gran Casino Barcelona S.L.U. d\u00e9cline toute responsabilit\u00e9 concernant l&#8217;\u00e9ventuelle interruption ou suspension du pr\u00e9sent site Internet, qu&#8217;elle soit due aux interventions ou omissions de toute organisation appartenant \u00e0 Gran Casino Barcelona S.L.U., ou \u00e0 celles de tiers.<\/p>\n\n<p>Les informations peuvent contenir des inexactitudes techniques ou des erreurs typographiques.<\/p>\n\n<p><strong>Possibilit\u00e9 de modification<\/strong><\/p>\n\n<p>Gran Casino Barcelona S.L.U. se r\u00e9serve le droit de modifier, de corriger ou d&#8217;am\u00e9liorer \u00e0 tout moment et sans avis pr\u00e9alable les informations, les produits et les programmes d\u00e9crits. Gran Casino Barcelona S.L.U. se r\u00e9serve le droit de modifier \u00e0 tout moment et sans avis pr\u00e9alable les mentions l\u00e9gales.<\/p>\n\n<p><strong>Loi applicable et juridiction<\/strong><\/p>\n\n<p>Pour toute controverse li\u00e9e aux pr\u00e9sentes mentions l\u00e9gales, les parties acceptent d&#8217;\u00eatre soumises express\u00e9ment aux tribunaux de Barcelone (Espagne) et \u00e0 la l\u00e9gislation nationale et catalane correspondante.<\/p>\n","protected":false},"excerpt":{"rendered":"<p>Pr\u00e9sentation et conditions d&#8217;utilisation Ce site Internet permet de fournir l&#8217;acc\u00e8s aux sites Internet du Gran Casino Barcelona S.L.U., \u00e0 ses services et \u00e0 ses contenus. Le fait de se connecter \u00e0 ce site Internet implique l&#8217;acceptation des pr\u00e9sentes mentions l\u00e9gales. Information g\u00e9n\u00e9rale Le casino appartient \u00e0 la soci\u00e9t\u00e9 Gran Casino Barcelona S.L.U. Nous souhaitons [&hellip;]<\/p>\n","protected":false},"author":1,"featured_media":0,"parent":0,"menu_order":0,"comment_status":"closed","ping_status":"open","template":"","meta":{"footnotes":""},"class_list":["post-1656","page","type-page","status-publish","hentry"],"_links":{"self":[{"href":"https:\/\/letroom.io\/fr\/wp-json\/wp\/v2\/pages\/1656","targetHints":{"allow":["GET"]}}],"collection":[{"href":"https:\/\/letroom.io\/fr\/wp-json\/wp\/v2\/pages"}],"about":[{"href":"https:\/\/letroom.io\/fr\/wp-json\/wp\/v2\/types\/page"}],"author":[{"embeddable":true,"href":"https:\/\/letroom.io\/fr\/wp-json\/wp\/v2\/users\/1"}],"replies":[{"embeddable":true,"href":"https:\/\/letroom.io\/fr\/wp-json\/wp\/v2\/comments?post=1656"}],"version-history":[{"count":0,"href":"https:\/\/letroom.io\/fr\/wp-json\/wp\/v2\/pages\/1656\/revisions"}],"wp:attachment":[{"href":"https:\/\/letroom.io\/fr\/wp-json\/wp\/v2\/media?parent=1656"}],"curies":[{"name":"wp","href":"https:\/\/api.w.org\/{rel}","templated":true}]}}